{"id":127,"date":"2025-04-01T21:43:52","date_gmt":"2025-04-01T19:43:52","guid":{"rendered":"https:\/\/sainteanne-annoeullin.fr\/wordpress\/?page_id=127"},"modified":"2025-07-18T08:54:36","modified_gmt":"2025-07-18T06:54:36","slug":"l-ogec","status":"publish","type":"page","link":"https:\/\/sainteanne-annoeullin.fr\/index.php\/l-ogec\/","title":{"rendered":"L&rsquo;OGEC"},"content":{"rendered":"\n<figure class=\"wp-block-image size-large centered\"><img loading=\"lazy\" decoding=\"async\" width=\"1024\" height=\"582\" src=\"http:\/\/sainteanne-annoeullin.fr\/wordpress\/wp-content\/uploads\/2025\/04\/Ogec-1024x582.jpeg\" alt=\"\" class=\"wp-image-128\" srcset=\"https:\/\/sainteanne-annoeullin.fr\/wp-content\/uploads\/2025\/04\/Ogec-1024x582.jpeg 1024w, https:\/\/sainteanne-annoeullin.fr\/wp-content\/uploads\/2025\/04\/Ogec-300x170.jpeg 300w, https:\/\/sainteanne-annoeullin.fr\/wp-content\/uploads\/2025\/04\/Ogec-768x436.jpeg 768w, https:\/\/sainteanne-annoeullin.fr\/wp-content\/uploads\/2025\/04\/Ogec.jpeg 1280w\" sizes=\"auto, (max-width: 1024px) 100vw, 1024px\" \/><\/figure>\n\n\n\n<h3 class=\"wp-block-heading\">Qu&rsquo;est-ce que l&rsquo;OGEC ?<\/h3>\n\n\n\n<p>L&rsquo;<strong>OGEC<\/strong> (<strong>Organisme de Gestion de l\u2019Enseignement Catholique<\/strong>) est une association loi 1901 qui g\u00e8re les aspects administratifs, financiers et mat\u00e9riels d\u2019un \u00e9tablissement catholique d&rsquo;enseignement.<\/p>\n\n\n\n<h3 class=\"wp-block-heading\">R\u00f4les de l\u2019OGEC :<\/h3>\n\n\n\n<ol class=\"wp-block-list\">\n<li><strong>Gestion financi\u00e8re<\/strong> : \u00c9laboration du budget, suivi des d\u00e9penses et recettes, gestion des contributions des familles et des subventions.<\/li>\n\n\n\n<li><strong>Gestion du personnel non enseignant<\/strong> : Embauche et gestion des contrats des personnels administratifs, techniques et de service.<\/li>\n\n\n\n<li><strong>Gestion immobili\u00e8re et mat\u00e9rielle<\/strong> : Entretien des locaux, investissements dans les infrastructures et \u00e9quipements.<\/li>\n\n\n\n<li><strong>Respect du projet \u00e9ducatif<\/strong> : L\u2019OGEC veille \u00e0 ce que la gestion de l\u2019\u00e9tablissement soit en coh\u00e9rence avec le projet \u00e9ducatif de l\u2019Enseignement catholique.<\/li>\n<\/ol>\n\n\n\n<h3 class=\"wp-block-heading\">Composition :<\/h3>\n\n\n\n<p>L\u2019OGEC est  compos\u00e9 :<\/p>\n\n\n\n<ul class=\"wp-block-list\">\n<li>De parents d\u2019\u00e9l\u00e8ves et de b\u00e9n\u00e9voles, <\/li>\n\n\n\n<li>L&rsquo;APEL (Association des Parents d&rsquo;\u00c9l\u00e8ves de l&rsquo;Enseignement Libre),<\/li>\n\n\n\n<li>De la tutelle, <\/li>\n\n\n\n<li>De l&rsquo;UDOGEC,<\/li>\n\n\n\n<li>De la paroisse<\/li>\n<\/ul>\n\n\n\n<p>L\u2019OGEC travaille en lien avec la direction de l\u2019\u00e9cole et l\u2019autorit\u00e9 de tutelle pour assurer une gestion efficace tout en pr\u00e9servant le caract\u00e8re propre de l\u2019\u00e9tablissement.<\/p>\n\n\n\n<h3 class=\"wp-block-heading\">Le bureau de l&rsquo;OGEC de L&rsquo;\u00e9cole Sainte-Anne Annoeullin<\/h3>\n\n\n\n<ul class=\"wp-block-list\">\n<li>Emilie Ridoux &#8211; Pr\u00e9sidente<\/li>\n\n\n\n<li>Marie Wulstecke &#8211; Tr\u00e9sori\u00e8re<\/li>\n\n\n\n<li>Laura Foulon &#8211; Secr\u00e9taire<\/li>\n\n\n\n<li>Olivier Senet &amp; Patrick Blot &#8211; Charg\u00e9s de Mission pour L\u2019Immobilier <\/li>\n\n\n\n<li>Jessy Lenne , charg\u00e9 de Mission pour la Communication et le Rayonnement de l\u2019\u00e9tablissement<\/li>\n\n\n\n<li>Camille Lefebvre, Repr\u00e9sentante de la Tutelle<\/li>\n\n\n\n<li>Aymeric Blanchet ; Repr\u00e9sentant UDOGEC<\/li>\n<\/ul>\n\n\n\n<p>Le bureau et le Conseil d&rsquo;Administration d\u2019OGEC se r\u00e9unissent plusieurs fois tous les ans apr\u00e8s concertation pr\u00e9alable entre le Pr\u00e9sident d\u2019OGEC et le Chef d\u2019\u00e9tablissement qui statuent sur l&rsquo;ordre du jour. <\/p>\n\n\n\n<p>Au quotidien, le pr\u00e9sident de l&rsquo;OGEC confie au chef d&rsquo;\u00e9tablissement la gestion des aspects sociaux et \u00e9conomiques. L&rsquo;association organise son assembl\u00e9e g\u00e9n\u00e9rale ordinaire \u00e0 la fin de chaque ann\u00e9e scolaire.<\/p>\n\n\n\n<h3 class=\"wp-block-heading\">Qui finance l&rsquo;OGEC ?<\/h3>\n\n\n\n<p>L&rsquo;<strong>OGEC<\/strong> est financ\u00e9 par plusieurs sources :<\/p>\n\n\n\n<ol class=\"wp-block-list\">\n<li><strong>Les contributions des familles<\/strong> :\n<ul class=\"wp-block-list\">\n<li>Frais de scolarit\u00e9 pay\u00e9s par les parents pour couvrir la partie immobili\u00e8re de l\u2019\u00e9tablissement.<\/li>\n<\/ul>\n<\/li>\n\n\n\n<li><strong>Les subventions publiques<\/strong> :\n<ul class=\"wp-block-list\">\n<li><strong>\u00c9tat, collectivit\u00e9s territoriales (communes, d\u00e9partements, r\u00e9gions)<\/strong> : financement des salaires des enseignants sous contrat d\u2019association avec l\u2019\u00c9tat, participation aux frais de fonctionnement.<\/li>\n<\/ul>\n<\/li>\n\n\n\n<li><strong>Le dioc\u00e8se ou la tutelle de l\u2019\u00e9tablissement<\/strong> :\n<ul class=\"wp-block-list\">\n<li>Apports \u00e9ventuels de l\u2019\u00c9glise ou des congr\u00e9gations religieuses qui soutiennent l\u2019\u00e9tablissement.<\/li>\n<\/ul>\n<\/li>\n\n\n\n<li><strong>Les dons et m\u00e9c\u00e9nats<\/strong> :\n<ul class=\"wp-block-list\">\n<li>Contributions volontaires de particuliers ou d\u2019entreprises pour financer des projets sp\u00e9cifiques.<\/li>\n<\/ul>\n<\/li>\n\n\n\n<li><strong>Les activit\u00e9s et \u00e9v\u00e9nements<\/strong> :\n<ul class=\"wp-block-list\">\n<li>Actions men\u00e9es par l\u2019\u00e9tablissement (kermesses, ventes, tombolas\u2026) pour g\u00e9n\u00e9rer des fonds suppl\u00e9mentaires.<\/li>\n<\/ul>\n<\/li>\n<\/ol>\n\n\n\n<p>Ainsi, l&rsquo;OGEC fonctionne gr\u00e2ce \u00e0 un \u00e9quilibre entre les financements publics et priv\u00e9s, lui permettant d\u2019assurer la gestion mat\u00e9rielle et financi\u00e8re de l\u2019\u00e9tablissement tout en garantissant sa p\u00e9rennit\u00e9.<\/p>\n\n\n\n<p>Vous pouvez, vous aussi, participer \u00e0 l&rsquo;OGEC et donc \u00e0 l&rsquo;\u00e9panouissement de l&rsquo;\u00e9cole si vous le souhaitez<\/p>\n\n\n\n<p>OGEC de l\u2019Ecole Saint Anne<\/p>\n\n\n\n<p>58 Rue nationale, 59112 Ann\u0153ullin<\/p>\n\n\n\n<p>Tel : 03 20 85 56 97<\/p>\n\n\n\n<p><\/p>\n","protected":false},"excerpt":{"rendered":"<p>Qu&rsquo;est-ce que l&rsquo;OGEC ? L&rsquo;OGEC (Organisme de Gestion de l\u2019Enseignement Catholique) est une association loi 1901 qui g\u00e8re les aspects administratifs, financiers et mat\u00e9riels d\u2019un \u00e9tablissement catholique d&rsquo;enseignement. R\u00f4les de l\u2019OGEC : Composition : L\u2019OGEC est compos\u00e9 : L\u2019OGEC travaille en lien avec la direction de l\u2019\u00e9cole et l\u2019autorit\u00e9 de tutelle pour assurer une gestion [&hellip;]<\/p>\n","protected":false},"author":1,"featured_media":0,"parent":0,"menu_order":0,"comment_status":"closed","ping_status":"closed","template":"","meta":{"footnotes":""},"class_list":["post-127","page","type-page","status-publish","hentry"],"_links":{"self":[{"href":"https:\/\/sainteanne-annoeullin.fr\/index.php\/wp-json\/wp\/v2\/pages\/127","targetHints":{"allow":["GET"]}}],"collection":[{"href":"https:\/\/sainteanne-annoeullin.fr\/index.php\/wp-json\/wp\/v2\/pages"}],"about":[{"href":"https:\/\/sainteanne-annoeullin.fr\/index.php\/wp-json\/wp\/v2\/types\/page"}],"author":[{"embeddable":true,"href":"https:\/\/sainteanne-annoeullin.fr\/index.php\/wp-json\/wp\/v2\/users\/1"}],"replies":[{"embeddable":true,"href":"https:\/\/sainteanne-annoeullin.fr\/index.php\/wp-json\/wp\/v2\/comments?post=127"}],"version-history":[{"count":7,"href":"https:\/\/sainteanne-annoeullin.fr\/index.php\/wp-json\/wp\/v2\/pages\/127\/revisions"}],"predecessor-version":[{"id":220,"href":"https:\/\/sainteanne-annoeullin.fr\/index.php\/wp-json\/wp\/v2\/pages\/127\/revisions\/220"}],"wp:attachment":[{"href":"https:\/\/sainteanne-annoeullin.fr\/index.php\/wp-json\/wp\/v2\/media?parent=127"}],"curies":[{"name":"wp","href":"https:\/\/api.w.org\/{rel}","templated":true}]}}