{"id":25,"date":"2024-04-30T22:17:56","date_gmt":"2024-04-30T20:17:56","guid":{"rendered":"http:\/\/localhost\/?page_id=25"},"modified":"2025-07-18T09:11:26","modified_gmt":"2025-07-18T07:11:26","slug":"les-projets","status":"publish","type":"page","link":"https:\/\/sainteanne-annoeullin.fr\/index.php\/les-projets\/","title":{"rendered":"Les projets"},"content":{"rendered":"\n<figure class=\"wp-block-image size-full is-resized\"><img loading=\"lazy\" decoding=\"async\" width=\"327\" height=\"433\" src=\"https:\/\/sainteanne-annoeullin.fr\/wordpress\/wp-content\/uploads\/2025\/07\/image-3.png\" alt=\"\" class=\"wp-image-226\" style=\"width:121px;height:auto\" srcset=\"https:\/\/sainteanne-annoeullin.fr\/wp-content\/uploads\/2025\/07\/image-3.png 327w, https:\/\/sainteanne-annoeullin.fr\/wp-content\/uploads\/2025\/07\/image-3-227x300.png 227w\" sizes=\"auto, (max-width: 327px) 100vw, 327px\" \/><\/figure>\n\n\n\n<figure class=\"wp-block-image aligncenter size-large is-resized\"><img loading=\"lazy\" decoding=\"async\" width=\"1024\" height=\"291\" src=\"http:\/\/sainteanne-annoeullin.fr\/wordpress\/wp-content\/uploads\/2025\/03\/slider-02-1-1024x291.jpg\" alt=\"\" class=\"wp-image-106\" style=\"width:1170px;height:auto\" srcset=\"https:\/\/sainteanne-annoeullin.fr\/wp-content\/uploads\/2025\/03\/slider-02-1-1024x291.jpg 1024w, https:\/\/sainteanne-annoeullin.fr\/wp-content\/uploads\/2025\/03\/slider-02-1-300x85.jpg 300w, https:\/\/sainteanne-annoeullin.fr\/wp-content\/uploads\/2025\/03\/slider-02-1-768x218.jpg 768w, https:\/\/sainteanne-annoeullin.fr\/wp-content\/uploads\/2025\/03\/slider-02-1-1536x436.jpg 1536w, https:\/\/sainteanne-annoeullin.fr\/wp-content\/uploads\/2025\/03\/slider-02-1.jpg 1920w\" sizes=\"auto, (max-width: 1024px) 100vw, 1024px\" \/><\/figure>\n\n\n\n<p>Notre \u00e9tablissement est ouvert \u00e0 tous, conform\u00e9ment \u00e0 la volont\u00e9 de l\u2019Eglise Catholique de mettre \u00e0 la disposition de tous, ses orientations \u00e9ducatives. Ainsi, notre \u00e9tablissement, par sa contribution au service de la Nation, rend un service d\u2019int\u00e9r\u00eat g\u00e9n\u00e9ral. C\u2019est pourquoi il est associ\u00e9 \u00e0 l\u2019Etat par contrat dans le cadre de la loi Debr\u00e9 de 1959 et la loi Rocard de 1984.<\/p>\n\n\n\n<p>Ce projet, propre \u00e0 notre \u00e9tablissement, fonde ses propositions \u00e9ducatives sur la vision chr\u00e9tienne de la personne humaine, partag\u00e9e par tous les \u00e9tablissements catholiques. La dimension sociale de la personne implique que l\u2019\u00e9cole pr\u00e9pare chacun \u00e0 la vie civique et \u00e0 l\u2019engagement. Le projet d\u2019\u00e9tablissement comprend notamment un parcours citoyen, permettant de vivre et de d\u00e9couvrir les valeurs de la R\u00e9publique. La libert\u00e9, l\u2019\u00e9galit\u00e9 et la fraternit\u00e9 ne peuvent se construire que dans un espace o\u00f9 chacun peut partager sa culture et exprimer ses convictions dans la connaissance et le respect d\u2019autrui.<\/p>\n\n\n\n<p>La libert\u00e9 de conscience et la libert\u00e9 de religion, d\u00e9fendues par l\u2019Eglise Catholique, sont aussi garanties par le principe de la\u00efcit\u00e9. Cela cr\u00e9e le cadre n\u00e9cessaire aux \u00e9changes et au dialogue indispensables pour fonder un projet de soci\u00e9t\u00e9 en commun.<\/p>\n\n\n\n<p><em>Le projet \u00e9ducatif vise \u00e0 garantir l\u2019ad\u00e9quation des actions p\u00e9dagogiques ou \u00e9ducatives avec les valeurs de l\u2019\u00e9vangile.<\/em><\/p>\n\n\n\n<figure class=\"wp-block-image size-full\"><img loading=\"lazy\" decoding=\"async\" width=\"894\" height=\"309\" src=\"https:\/\/sainteanne-annoeullin.fr\/wordpress\/wp-content\/uploads\/2025\/07\/image.png\" alt=\"\" class=\"wp-image-222\" srcset=\"https:\/\/sainteanne-annoeullin.fr\/wp-content\/uploads\/2025\/07\/image.png 894w, https:\/\/sainteanne-annoeullin.fr\/wp-content\/uploads\/2025\/07\/image-300x104.png 300w, https:\/\/sainteanne-annoeullin.fr\/wp-content\/uploads\/2025\/07\/image-768x265.png 768w\" sizes=\"auto, (max-width: 894px) 100vw, 894px\" \/><\/figure>\n\n\n\n<figure class=\"wp-block-image size-full is-resized\"><img loading=\"lazy\" decoding=\"async\" width=\"868\" height=\"779\" src=\"https:\/\/sainteanne-annoeullin.fr\/wordpress\/wp-content\/uploads\/2025\/07\/image-1.png\" alt=\"\" class=\"wp-image-223\" style=\"width:843px;height:auto\" srcset=\"https:\/\/sainteanne-annoeullin.fr\/wp-content\/uploads\/2025\/07\/image-1.png 868w, https:\/\/sainteanne-annoeullin.fr\/wp-content\/uploads\/2025\/07\/image-1-300x269.png 300w, https:\/\/sainteanne-annoeullin.fr\/wp-content\/uploads\/2025\/07\/image-1-768x689.png 768w\" sizes=\"auto, (max-width: 868px) 100vw, 868px\" \/><\/figure>\n\n\n\n<figure class=\"wp-block-image size-full\"><img loading=\"lazy\" decoding=\"async\" width=\"883\" height=\"170\" src=\"https:\/\/sainteanne-annoeullin.fr\/wordpress\/wp-content\/uploads\/2025\/07\/image-2.png\" alt=\"\" class=\"wp-image-224\" srcset=\"https:\/\/sainteanne-annoeullin.fr\/wp-content\/uploads\/2025\/07\/image-2.png 883w, https:\/\/sainteanne-annoeullin.fr\/wp-content\/uploads\/2025\/07\/image-2-300x58.png 300w, https:\/\/sainteanne-annoeullin.fr\/wp-content\/uploads\/2025\/07\/image-2-768x148.png 768w\" sizes=\"auto, (max-width: 883px) 100vw, 883px\" \/><\/figure>\n\n\n\n<figure class=\"wp-block-image size-full is-resized\"><img loading=\"lazy\" decoding=\"async\" width=\"286\" height=\"437\" src=\"https:\/\/sainteanne-annoeullin.fr\/wordpress\/wp-content\/uploads\/2025\/07\/image-4.png\" alt=\"\" class=\"wp-image-227\" style=\"width:112px;height:auto\" srcset=\"https:\/\/sainteanne-annoeullin.fr\/wp-content\/uploads\/2025\/07\/image-4.png 286w, https:\/\/sainteanne-annoeullin.fr\/wp-content\/uploads\/2025\/07\/image-4-196x300.png 196w\" sizes=\"auto, (max-width: 286px) 100vw, 286px\" \/><\/figure>\n\n\n\n<figure class=\"wp-block-image size-large\"><img loading=\"lazy\" decoding=\"async\" width=\"1024\" height=\"657\" src=\"https:\/\/sainteanne-annoeullin.fr\/wordpress\/wp-content\/uploads\/2025\/07\/image-5-1024x657.png\" alt=\"\" class=\"wp-image-228\" srcset=\"https:\/\/sainteanne-annoeullin.fr\/wp-content\/uploads\/2025\/07\/image-5-1024x657.png 1024w, https:\/\/sainteanne-annoeullin.fr\/wp-content\/uploads\/2025\/07\/image-5-300x193.png 300w, https:\/\/sainteanne-annoeullin.fr\/wp-content\/uploads\/2025\/07\/image-5-768x493.png 768w, https:\/\/sainteanne-annoeullin.fr\/wp-content\/uploads\/2025\/07\/image-5.png 1302w\" sizes=\"auto, (max-width: 1024px) 100vw, 1024px\" \/><\/figure>\n\n\n\n<figure class=\"wp-block-image size-large\"><img loading=\"lazy\" decoding=\"async\" width=\"1024\" height=\"726\" src=\"https:\/\/sainteanne-annoeullin.fr\/wordpress\/wp-content\/uploads\/2025\/07\/image-6-1024x726.png\" alt=\"\" class=\"wp-image-229\" srcset=\"https:\/\/sainteanne-annoeullin.fr\/wp-content\/uploads\/2025\/07\/image-6-1024x726.png 1024w, https:\/\/sainteanne-annoeullin.fr\/wp-content\/uploads\/2025\/07\/image-6-300x213.png 300w, https:\/\/sainteanne-annoeullin.fr\/wp-content\/uploads\/2025\/07\/image-6-768x544.png 768w, https:\/\/sainteanne-annoeullin.fr\/wp-content\/uploads\/2025\/07\/image-6.png 1314w\" sizes=\"auto, (max-width: 1024px) 100vw, 1024px\" \/><\/figure>\n\n\n\n<figure class=\"wp-block-image size-full is-resized\"><img loading=\"lazy\" decoding=\"async\" width=\"323\" height=\"430\" src=\"https:\/\/sainteanne-annoeullin.fr\/wordpress\/wp-content\/uploads\/2025\/07\/image-7.png\" alt=\"\" class=\"wp-image-230\" style=\"width:159px;height:auto\" srcset=\"https:\/\/sainteanne-annoeullin.fr\/wp-content\/uploads\/2025\/07\/image-7.png 323w, https:\/\/sainteanne-annoeullin.fr\/wp-content\/uploads\/2025\/07\/image-7-225x300.png 225w\" sizes=\"auto, (max-width: 323px) 100vw, 323px\" \/><\/figure>\n\n\n\n<figure class=\"wp-block-image size-full is-resized\"><a href=\"https:\/\/www.facebook.com\/people\/Ecole-Sainte-Anne-Ann%C5%93ullin\/100089557377798\/\"><img loading=\"lazy\" decoding=\"async\" width=\"757\" height=\"472\" src=\"https:\/\/sainteanne-annoeullin.fr\/wordpress\/wp-content\/uploads\/2025\/07\/image-8.png\" alt=\"\" class=\"wp-image-231\" style=\"width:429px;height:auto\" srcset=\"https:\/\/sainteanne-annoeullin.fr\/wp-content\/uploads\/2025\/07\/image-8.png 757w, https:\/\/sainteanne-annoeullin.fr\/wp-content\/uploads\/2025\/07\/image-8-300x187.png 300w\" sizes=\"auto, (max-width: 757px) 100vw, 757px\" \/><\/a><\/figure>\n\n\n\n<p><\/p>\n","protected":false},"excerpt":{"rendered":"<p>Notre \u00e9tablissement est ouvert \u00e0 tous, conform\u00e9ment \u00e0 la volont\u00e9 de l\u2019Eglise Catholique de mettre \u00e0 la disposition de tous, ses orientations \u00e9ducatives. Ainsi, notre \u00e9tablissement, par sa contribution au service de la Nation, rend un service d\u2019int\u00e9r\u00eat g\u00e9n\u00e9ral. C\u2019est pourquoi il est associ\u00e9 \u00e0 l\u2019Etat par contrat dans le cadre de la loi Debr\u00e9 [&hellip;]<\/p>\n","protected":false},"author":1,"featured_media":0,"parent":0,"menu_order":0,"comment_status":"closed","ping_status":"closed","template":"","meta":{"footnotes":""},"class_list":["post-25","page","type-page","status-publish","hentry"],"_links":{"self":[{"href":"https:\/\/sainteanne-annoeullin.fr\/index.php\/wp-json\/wp\/v2\/pages\/25","targetHints":{"allow":["GET"]}}],"collection":[{"href":"https:\/\/sainteanne-annoeullin.fr\/index.php\/wp-json\/wp\/v2\/pages"}],"about":[{"href":"https:\/\/sainteanne-annoeullin.fr\/index.php\/wp-json\/wp\/v2\/types\/page"}],"author":[{"embeddable":true,"href":"https:\/\/sainteanne-annoeullin.fr\/index.php\/wp-json\/wp\/v2\/users\/1"}],"replies":[{"embeddable":true,"href":"https:\/\/sainteanne-annoeullin.fr\/index.php\/wp-json\/wp\/v2\/comments?post=25"}],"version-history":[{"count":6,"href":"https:\/\/sainteanne-annoeullin.fr\/index.php\/wp-json\/wp\/v2\/pages\/25\/revisions"}],"predecessor-version":[{"id":232,"href":"https:\/\/sainteanne-annoeullin.fr\/index.php\/wp-json\/wp\/v2\/pages\/25\/revisions\/232"}],"wp:attachment":[{"href":"https:\/\/sainteanne-annoeullin.fr\/index.php\/wp-json\/wp\/v2\/media?parent=25"}],"curies":[{"name":"wp","href":"https:\/\/api.w.org\/{rel}","templated":true}]}}