{"id":31,"date":"2024-04-30T22:18:46","date_gmt":"2024-04-30T20:18:46","guid":{"rendered":"http:\/\/localhost\/?page_id=31"},"modified":"2025-07-18T21:39:57","modified_gmt":"2025-07-18T19:39:57","slug":"inscriptions","status":"publish","type":"page","link":"https:\/\/sainteanne-annoeullin.fr\/index.php\/inscriptions\/","title":{"rendered":"Inscriptions"},"content":{"rendered":"\n<div class=\"wp-block-columns is-layout-flex wp-container-core-columns-is-layout-28f84493 wp-block-columns-is-layout-flex\">\n<div class=\"wp-block-column is-layout-flow wp-block-column-is-layout-flow\">\n<h3 class=\"wp-block-heading\">D\u00e9roul\u00e9<\/h3>\n\n\n\n<p>Nous vous invitons \u00e0 prendre rendez-vous, avec le chef d&rsquo;\u00e9tablissement, Mr L\u00e9chevin, pour une rencontre d&rsquo;une heure: discutons ensemble de votre projet d&rsquo;inscription, \u00e9changeons sur les rep\u00e8res et les valeurs \u00e9ducatives qui se vivent \u00e0 l&rsquo;\u00e9cole et dans votre famille.&nbsp;<\/p>\n\n\n\n<p>Les demandes de rendez-vous se font aupr\u00e8s du secr\u00e9tariat au&nbsp;<strong>03.20.85.56.97<\/strong><br>Le secr\u00e9tariat est ouvert du lundi au vendredi (le mercredi, uniquement le matin)<\/p>\n\n\n\n<p><\/p>\n<\/div>\n\n\n\n<div class=\"wp-block-column is-layout-flow wp-block-column-is-layout-flow\">\n<h3 class=\"wp-block-heading\">En attendant<\/h3>\n\n\n\n<p>Nous vous invitons \u00e0 prendre connaissance de l&rsquo;ensemble des&nbsp;documents qui serviront de support lors de cet entretien:<\/p>\n\n\n\n<p><a href=\"https:\/\/sainteanne-annoeullin.fr\/index.php\/les-projets\/\" data-type=\"page\" data-id=\"25\">1-\u00a0Le projet \u00e9ducatif de l&rsquo;\u00e9cole Sainte Anne<\/a><\/p>\n\n\n\n<p><a href=\"https:\/\/sainteanne-annoeullin.fr\/index.php\/les-projets\/\" data-type=\"page\" data-id=\"25\">2-\u00a0La charte du bien-\u00eatre\u00a0<\/a><\/p>\n\n\n\n<p>3-&nbsp;<a href=\"https:\/\/sainteanne-annoeullin.fr\/pdf\/annexerf.pdf\">Le dossier administratif<\/a>&nbsp;<small>(r\u00e9glement financier; prestations de services;&#8230;)<\/small><\/p>\n\n\n\n<p><a href=\"https:\/\/sainteanne-annoeullin.fr\/pdf\/autoriteparentale.pdf\">4-&nbsp;La fiche autorit\u00e9 parentale \u00e0 remplir et \u00e0 ramener avec les documents demand\u00e9s<\/a><\/p>\n\n\n\n<p><a href=\"https:\/\/sainteanne-annoeullin.fr\/www\/pr%E9inscription.pdf\"><\/a><a href=\"https:\/\/sainteanne-annoeullin.fr\/pdf\/preinscription\">5-&nbsp;La fiche de pr\u00e9inscription \u00e0 remplir<\/a><\/p>\n<\/div>\n<\/div>\n\n\n\n<p><\/p>\n","protected":false},"excerpt":{"rendered":"<p>D\u00e9roul\u00e9 Nous vous invitons \u00e0 prendre rendez-vous, avec le chef d&rsquo;\u00e9tablissement, Mr L\u00e9chevin, pour une rencontre d&rsquo;une heure: discutons ensemble de votre projet d&rsquo;inscription, \u00e9changeons sur les rep\u00e8res et les valeurs \u00e9ducatives qui se vivent \u00e0 l&rsquo;\u00e9cole et dans votre famille.&nbsp; Les demandes de rendez-vous se font aupr\u00e8s du secr\u00e9tariat au&nbsp;03.20.85.56.97Le secr\u00e9tariat est ouvert du [&hellip;]<\/p>\n","protected":false},"author":1,"featured_media":0,"parent":0,"menu_order":0,"comment_status":"closed","ping_status":"closed","template":"","meta":{"footnotes":""},"class_list":["post-31","page","type-page","status-publish","hentry"],"_links":{"self":[{"href":"https:\/\/sainteanne-annoeullin.fr\/index.php\/wp-json\/wp\/v2\/pages\/31","targetHints":{"allow":["GET"]}}],"collection":[{"href":"https:\/\/sainteanne-annoeullin.fr\/index.php\/wp-json\/wp\/v2\/pages"}],"about":[{"href":"https:\/\/sainteanne-annoeullin.fr\/index.php\/wp-json\/wp\/v2\/types\/page"}],"author":[{"embeddable":true,"href":"https:\/\/sainteanne-annoeullin.fr\/index.php\/wp-json\/wp\/v2\/users\/1"}],"replies":[{"embeddable":true,"href":"https:\/\/sainteanne-annoeullin.fr\/index.php\/wp-json\/wp\/v2\/comments?post=31"}],"version-history":[{"count":10,"href":"https:\/\/sainteanne-annoeullin.fr\/index.php\/wp-json\/wp\/v2\/pages\/31\/revisions"}],"predecessor-version":[{"id":252,"href":"https:\/\/sainteanne-annoeullin.fr\/index.php\/wp-json\/wp\/v2\/pages\/31\/revisions\/252"}],"wp:attachment":[{"href":"https:\/\/sainteanne-annoeullin.fr\/index.php\/wp-json\/wp\/v2\/media?parent=31"}],"curies":[{"name":"wp","href":"https:\/\/api.w.org\/{rel}","templated":true}]}}